{"id":1040,"date":"2023-07-21T15:16:14","date_gmt":"2023-07-21T15:16:14","guid":{"rendered":"http:\/\/reclimval.es\/?page_id=1040"},"modified":"2023-08-17T15:30:10","modified_gmt":"2023-08-17T15:30:10","slug":"compromisos","status":"publish","type":"page","link":"https:\/\/reclimval.es\/index.php\/compromisos\/","title":{"rendered":"Compromisos"},"content":{"rendered":"<p><img loading=\"lazy\" decoding=\"async\" src=\"http:\/\/reclimval.es\/wp-content\/uploads\/2023\/07\/7_2030-jpg.webp\" alt=\"\" width=\"143\" height=\"146\" class=\"alignnone size-full wp-image-1059\" srcset=\"https:\/\/reclimval.es\/wp-content\/uploads\/2023\/07\/7_2030-jpg.webp 143w, https:\/\/reclimval.es\/wp-content\/uploads\/2023\/07\/7_2030-12x12.webp 12w\" sizes=\"auto, (max-width: 143px) 100vw, 143px\" \/><\/p>\n<p>Trabajamos en instalaciones sensibles al cambio clim\u00e1tico y donde crear la m\u00ednima huella de carbono es nuestra prioridad. Conectamos nuestras instalaciones a plantas fotovoltaicas y e\u00f3licas contribuyendo a migrar dentro de nuestras posibilidad a un futuro en constante reciclaje.<\/p>\n<p><img loading=\"lazy\" decoding=\"async\" src=\"http:\/\/reclimval.es\/wp-content\/uploads\/2023\/07\/11_2030-jpg.webp\" alt=\"\" width=\"148\" height=\"146\" class=\"alignnone size-medium wp-image-1060\" srcset=\"https:\/\/reclimval.es\/wp-content\/uploads\/2023\/07\/11_2030-jpg.webp 148w, https:\/\/reclimval.es\/wp-content\/uploads\/2023\/07\/11_2030-12x12.webp 12w\" sizes=\"auto, (max-width: 148px) 100vw, 148px\" \/><\/p>\n<p>Contribuimos como todas las empresas frigoristas a gestionar gases fluorados donde en la medida que se van deteriorando las instalaciones son los gases con menos conflictos con la capa de ozono y un medioambiente sostenible los que van sustituyendo a los gases con fluorados que est\u00e1n en much\u00edsimas instalaciones. Realizamos una labor de guardianes del medioambiente ante una fuga de este tipo de gases y promoviendo nuevas instalaciones con CO2, Agua-Agua, Aire-agua, etc,.. o gases que los estamentos medioambientales van exigiendo para obtener ciudades sostenibles.<\/p>\n<p>Como datos de sostenibilidad:<\/p>\n<ul>\n<li>En 2022 recogimos\u00a0 (pdte. borrador)\u00a0 kg de gases que equivalen a evitar liberar a la atmosfera (pdte borrador) Tn de CO<\/li>\n<\/ul>\n<p><img loading=\"lazy\" decoding=\"async\" src=\"http:\/\/reclimval.es\/wp-content\/uploads\/2023\/07\/13_2030-jpg.webp\" alt=\"\" width=\"146\" height=\"144\" class=\"alignnone size-medium wp-image-1061\" srcset=\"https:\/\/reclimval.es\/wp-content\/uploads\/2023\/07\/13_2030-jpg.webp 146w, https:\/\/reclimval.es\/wp-content\/uploads\/2023\/07\/13_2030-12x12.webp 12w\" sizes=\"auto, (max-width: 146px) 100vw, 146px\" \/><\/p>\n<p>Las empresas de climatizaci\u00f3n tenemos una misi\u00f3n con el clima, controlar la eficiencia de los equipos que va directamente relacionado en menos consumos el\u00e9ctricos, mejor bienestar y confort de las personas y mejor calidad, lo cual repercute a varias escalas en dejar de consumir recursos que no son necesarios.<\/p>\n<p>Para ello, tanto en climatizaci\u00f3n como en refrigeraci\u00f3n y por RD tenemos que tener contratos de mantenimiento con nuestros clientes que nos aseguran que esas instalaciones tendr\u00e1n un mantenimiento preventivo que evitara gastos innecesarios.<\/p>\n","protected":false},"excerpt":{"rendered":"<p>Trabajamos en instalaciones sensibles al cambio clim\u00e1tico y donde crear la m\u00ednima huella de carbono es nuestra prioridad. Conectamos nuestras instalaciones a plantas fotovoltaicas y e\u00f3licas contribuyendo a migrar dentro de nuestras posibilidad a un futuro en constante reciclaje. Contribuimos como todas las empresas frigoristas a gestionar gases fluorados donde [&hellip;]<\/p>\n","protected":false},"author":1,"featured_media":0,"parent":0,"menu_order":0,"comment_status":"closed","ping_status":"closed","template":"page-templates\/template-page-sidebar.php","meta":{"_themeisle_gutenberg_block_has_review":false,"footnotes":""},"class_list":["post-1040","page","type-page","status-publish","hentry"],"jetpack_sharing_enabled":true,"_links":{"self":[{"href":"https:\/\/reclimval.es\/index.php\/wp-json\/wp\/v2\/pages\/1040","targetHints":{"allow":["GET"]}}],"collection":[{"href":"https:\/\/reclimval.es\/index.php\/wp-json\/wp\/v2\/pages"}],"about":[{"href":"https:\/\/reclimval.es\/index.php\/wp-json\/wp\/v2\/types\/page"}],"author":[{"embeddable":true,"href":"https:\/\/reclimval.es\/index.php\/wp-json\/wp\/v2\/users\/1"}],"replies":[{"embeddable":true,"href":"https:\/\/reclimval.es\/index.php\/wp-json\/wp\/v2\/comments?post=1040"}],"version-history":[{"count":5,"href":"https:\/\/reclimval.es\/index.php\/wp-json\/wp\/v2\/pages\/1040\/revisions"}],"predecessor-version":[{"id":1065,"href":"https:\/\/reclimval.es\/index.php\/wp-json\/wp\/v2\/pages\/1040\/revisions\/1065"}],"wp:attachment":[{"href":"https:\/\/reclimval.es\/index.php\/wp-json\/wp\/v2\/media?parent=1040"}],"curies":[{"name":"wp","href":"https:\/\/api.w.org\/{rel}","templated":true}]}}